{"id":24254,"date":"2020-10-08T07:43:07","date_gmt":"2020-10-08T07:43:07","guid":{"rendered":"https:\/\/kalibrace.vugtk.cz\/wordpress\/all-courses\/"},"modified":"2024-02-20T12:42:15","modified_gmt":"2024-02-20T11:42:15","slug":"all-courses","status":"publish","type":"page","link":"https:\/\/kalibrace.vugtk.cz\/?page_id=24254","title":{"rendered":"Osv\u011bd\u010den\u00ed o akreditaci"},"content":{"rendered":"\t\t<div data-elementor-type=\"wp-page\" data-elementor-id=\"24254\" class=\"elementor elementor-24254\">\n\t\t\t\t\t\t\t<div class=\"elementor-element elementor-element-a5f54f9 e-flex e-con-boxed e-con e-parent\" data-id=\"a5f54f9\" data-element_type=\"container\" data-settings=\"{&quot;container_type&quot;:&quot;flex&quot;,&quot;content_width&quot;:&quot;boxed&quot;,&quot;_ha_eqh_enable&quot;:false}\" data-core-v316-plus=\"true\">\n\t\t\t\t\t<div class=\"e-con-inner\">\n\t\t<div class=\"elementor-element elementor-element-d9659b4 e-con-full e-flex e-con e-child\" data-id=\"d9659b4\" data-element_type=\"container\" data-settings=\"{&quot;content_width&quot;:&quot;full&quot;,&quot;container_type&quot;:&quot;flex&quot;,&quot;_ha_eqh_enable&quot;:false}\">\n\t\t\t\t<div class=\"elementor-element elementor-element-5842544 elementor-widget__width-auto elementor-widget elementor-widget-heading\" data-id=\"5842544\" data-element_type=\"widget\" data-widget_type=\"heading.default\">\n\t\t\t\t<div class=\"elementor-widget-container\">\n\t\t\t<style>\/*! elementor - v3.18.0 - 20-12-2023 *\/\n.elementor-heading-title{padding:0;margin:0;line-height:1}.elementor-widget-heading .elementor-heading-title[class*=elementor-size-]>a{color:inherit;font-size:inherit;line-height:inherit}.elementor-widget-heading .elementor-heading-title.elementor-size-small{font-size:15px}.elementor-widget-heading .elementor-heading-title.elementor-size-medium{font-size:19px}.elementor-widget-heading .elementor-heading-title.elementor-size-large{font-size:29px}.elementor-widget-heading .elementor-heading-title.elementor-size-xl{font-size:39px}.elementor-widget-heading .elementor-heading-title.elementor-size-xxl{font-size:59px}<\/style><h1 class=\"elementor-heading-title elementor-size-default\">Osv\u011bd\u010den\u00ed o akreditaci<\/h1>\t\t<\/div>\n\t\t\t\t<\/div>\n\t\t\t\t<div class=\"elementor-element elementor-element-b4ac266 elementor-absolute elementor-widget elementor-widget-image\" data-id=\"b4ac266\" data-element_type=\"widget\" data-settings=\"{&quot;_position&quot;:&quot;absolute&quot;}\" data-widget_type=\"image.default\">\n\t\t\t\t<div class=\"elementor-widget-container\">\n\t\t\t<style>\/*! elementor - v3.18.0 - 20-12-2023 *\/\n.elementor-widget-image{text-align:center}.elementor-widget-image a{display:inline-block}.elementor-widget-image a img[src$=\".svg\"]{width:48px}.elementor-widget-image img{vertical-align:middle;display:inline-block}<\/style>\t\t\t\t\t\t\t\t\t\t\t\t<img fetchpriority=\"high\" decoding=\"async\" width=\"400\" height=\"192\" src=\"https:\/\/kalibrace.vugtk.cz\/wp-content\/uploads\/2020\/10\/pattern.png\" class=\"attachment-large size-large wp-image-77\" alt=\"\" srcset=\"https:\/\/kalibrace.vugtk.cz\/wp-content\/uploads\/2020\/10\/pattern.png 400w, https:\/\/kalibrace.vugtk.cz\/wp-content\/uploads\/2020\/10\/pattern-300x144.png 300w\" sizes=\"(max-width: 400px) 100vw, 400px\" \/>\t\t\t\t\t\t\t\t\t\t\t\t\t\t\t<\/div>\n\t\t\t\t<\/div>\n\t\t\t\t<div class=\"elementor-element elementor-element-2698899 elementor-widget elementor-widget-text-editor\" data-id=\"2698899\" data-element_type=\"widget\" data-widget_type=\"text-editor.default\">\n\t\t\t\t<div class=\"elementor-widget-container\">\n\t\t\t<style>\/*! elementor - v3.18.0 - 20-12-2023 *\/\n.elementor-widget-text-editor.elementor-drop-cap-view-stacked .elementor-drop-cap{background-color:#69727d;color:#fff}.elementor-widget-text-editor.elementor-drop-cap-view-framed .elementor-drop-cap{color:#69727d;border:3px solid;background-color:transparent}.elementor-widget-text-editor:not(.elementor-drop-cap-view-default) .elementor-drop-cap{margin-top:8px}.elementor-widget-text-editor:not(.elementor-drop-cap-view-default) .elementor-drop-cap-letter{width:1em;height:1em}.elementor-widget-text-editor .elementor-drop-cap{float:left;text-align:center;line-height:1;font-size:50px}.elementor-widget-text-editor .elementor-drop-cap-letter{display:inline-block}<\/style>\t\t\t\t<p>Zde naleznete osv\u011bd\u010den\u00ed o akreditaci pro kalibra\u010dn\u00ed laborato\u0159 v\u010detn\u011b v\u0161ech pot\u0159ebn\u00fdch p\u0159\u00edloh ke sta\u017een\u00ed.<\/p><p>Listiny je mo\u017en\u00e9 <b>otev\u0159\u00edt, ulo\u017eit, tisknout <\/b>z p\u0159ipraven\u00fdch dokument\u016f ve form\u00e1tu PDF po kliknut\u00ed na odpov\u00eddaj\u00edc\u00ed obr\u00e1zek listiny.<\/p>\t\t\t\t\t\t<\/div>\n\t\t\t\t<\/div>\n\t\t\t\t<\/div>\n\t\t\t\t\t<\/div>\n\t\t\t\t<\/div>\n\t\t<div class=\"elementor-element elementor-element-2ea2711 e-flex e-con-boxed e-con e-parent\" data-id=\"2ea2711\" data-element_type=\"container\" data-settings=\"{&quot;container_type&quot;:&quot;flex&quot;,&quot;content_width&quot;:&quot;boxed&quot;,&quot;_ha_eqh_enable&quot;:false}\" data-core-v316-plus=\"true\">\n\t\t\t\t\t<div class=\"e-con-inner\">\n\t\t<div class=\"elementor-element elementor-element-74d3680 e-con-full e-flex e-con e-child\" data-id=\"74d3680\" data-element_type=\"container\" data-settings=\"{&quot;content_width&quot;:&quot;full&quot;,&quot;container_type&quot;:&quot;flex&quot;,&quot;_ha_eqh_enable&quot;:false}\">\n\t\t\t\t<div class=\"elementor-element elementor-element-ea798ea elementor-widget elementor-widget-image\" data-id=\"ea798ea\" data-element_type=\"widget\" data-widget_type=\"image.default\">\n\t\t\t\t<div class=\"elementor-widget-container\">\n\t\t\t\t\t\t\t\t\t\t\t\t<figure class=\"wp-caption\">\n\t\t\t\t\t\t\t\t\t\t\t<a href=\"https:\/\/kalibrace.vugtk.cz\/?attachment_id=25386\" target=\"_blank\">\n\t\t\t\t\t\t\t<img decoding=\"async\" width=\"212\" height=\"300\" src=\"https:\/\/kalibrace.vugtk.cz\/wp-content\/uploads\/2024\/01\/osvedceni_CZ-212x300.png\" class=\"attachment-medium size-medium wp-image-24745\" alt=\"Akredita\u010dn\u00ed listina kalibra\u010dn\u00ed laborato\u0159e v \u010de\u0161tin\u011b.\" srcset=\"https:\/\/kalibrace.vugtk.cz\/wp-content\/uploads\/2024\/01\/osvedceni_CZ-212x300.png 212w, https:\/\/kalibrace.vugtk.cz\/wp-content\/uploads\/2024\/01\/osvedceni_CZ.png 595w\" sizes=\"(max-width: 212px) 100vw, 212px\" \/>\t\t\t\t\t\t\t\t<\/a>\n\t\t\t\t\t\t\t\t\t\t\t<figcaption class=\"widget-image-caption wp-caption-text\">Akredita\u010dn\u00ed listina kalibra\u010dn\u00ed laborato\u0159e<\/figcaption>\n\t\t\t\t\t\t\t\t\t\t<\/figure>\n\t\t\t\t\t\t\t\t\t<\/div>\n\t\t\t\t<\/div>\n\t\t\t\t<\/div>\n\t\t<div class=\"elementor-element elementor-element-0313f1c e-con-full e-flex e-con e-child\" data-id=\"0313f1c\" data-element_type=\"container\" data-settings=\"{&quot;content_width&quot;:&quot;full&quot;,&quot;container_type&quot;:&quot;flex&quot;,&quot;_ha_eqh_enable&quot;:false}\">\n\t\t\t\t<div class=\"elementor-element elementor-element-74ee416 elementor-widget elementor-widget-image\" data-id=\"74ee416\" data-element_type=\"widget\" data-widget_type=\"image.default\">\n\t\t\t\t<div class=\"elementor-widget-container\">\n\t\t\t\t\t\t\t\t\t\t\t\t<figure class=\"wp-caption\">\n\t\t\t\t\t\t\t\t\t\t\t<a href=\"https:\/\/kalibrace.vugtk.cz\/?attachment_id=25385\" target=\"_blank\">\n\t\t\t\t\t\t\t<img decoding=\"async\" width=\"212\" height=\"300\" src=\"https:\/\/kalibrace.vugtk.cz\/wp-content\/uploads\/2024\/01\/osvedceni_ENG-212x300.png\" class=\"attachment-medium size-medium wp-image-24746\" alt=\"Certificate of accreditation in Engllish\" srcset=\"https:\/\/kalibrace.vugtk.cz\/wp-content\/uploads\/2024\/01\/osvedceni_ENG-212x300.png 212w, https:\/\/kalibrace.vugtk.cz\/wp-content\/uploads\/2024\/01\/osvedceni_ENG.png 595w\" sizes=\"(max-width: 212px) 100vw, 212px\" \/>\t\t\t\t\t\t\t\t<\/a>\n\t\t\t\t\t\t\t\t\t\t\t<figcaption class=\"widget-image-caption wp-caption-text\">Certificate of accreditation in Engllish<\/figcaption>\n\t\t\t\t\t\t\t\t\t\t<\/figure>\n\t\t\t\t\t\t\t\t\t<\/div>\n\t\t\t\t<\/div>\n\t\t\t\t<\/div>\n\t\t\t\t\t<\/div>\n\t\t\t\t<\/div>\n\t\t\t\t\t\t\t<\/div>\n\t\t","protected":false},"excerpt":{"rendered":"<p>Osv\u011bd\u010den\u00ed o akreditaci Zde naleznete osv\u011bd\u010den\u00ed o akreditaci pro kalibra\u010dn\u00ed laborato\u0159 v\u010detn\u011b v\u0161ech pot\u0159ebn\u00fdch p\u0159\u00edloh ke sta\u017een\u00ed. Listiny je mo\u017en\u00e9 otev\u0159\u00edt, ulo\u017eit, tisknout z p\u0159ipraven\u00fdch dokument\u016f ve form\u00e1tu PDF po kliknut\u00ed na odpov\u00eddaj\u00edc\u00ed obr\u00e1zek listiny. Akredita\u010dn\u00ed listina kalibra\u010dn\u00ed laborato\u0159e v \u010de\u0161tin\u011b Akredita\u010dn\u00ed listina kalibra\u010dn\u00ed laborato\u0159e v angli\u010dtin\u011b<\/p>\n","protected":false},"author":2,"featured_media":0,"parent":0,"menu_order":0,"comment_status":"closed","ping_status":"closed","template":"","meta":{"_eb_attr":"","site-sidebar-layout":"no-sidebar","site-content-layout":"page-builder","ast-site-content-layout":"full-width-container","site-content-style":"unboxed","site-sidebar-style":"unboxed","ast-global-header-display":"","ast-banner-title-visibility":"","ast-main-header-display":"","ast-hfb-above-header-display":"","ast-hfb-below-header-display":"","ast-hfb-mobile-header-display":"","site-post-title":"disabled","ast-breadcrumbs-content":"","ast-featured-img":"disabled","footer-sml-layout":"","theme-transparent-header-meta":"default","adv-header-id-meta":"","stick-header-meta":"","header-above-stick-meta":"","header-main-stick-meta":"","header-below-stick-meta":"","astra-migrate-meta-layouts":"set","ast-page-background-enabled":"default","ast-page-background-meta":{"desktop":{"background-color":"","background-image":"","background-repeat":"repeat","background-position":"center center","background-size":"auto","background-attachment":"scroll","background-type":"","background-media":"","overlay-type":"","overlay-color":"","overlay-gradient":""},"tablet":{"background-color":"","background-image":"","background-repeat":"repeat","background-position":"center center","background-size":"auto","background-attachment":"scroll","background-type":"","background-media":"","overlay-type":"","overlay-color":"","overlay-gradient":""},"mobile":{"background-color":"","background-image":"","background-repeat":"repeat","background-position":"center center","background-size":"auto","background-attachment":"scroll","background-type":"","background-media":"","overlay-type":"","overlay-color":"","overlay-gradient":""}},"ast-content-background-meta":{"desktop":{"background-color":"var(--ast-global-color-5)","background-image":"","background-repeat":"repeat","background-position":"center center","background-size":"auto","background-attachment":"scroll","background-type":"","background-media":"","overlay-type":"","overlay-color":"","overlay-gradient":""},"tablet":{"background-color":"var(--ast-global-color-5)","background-image":"","background-repeat":"repeat","background-position":"center center","background-size":"auto","background-attachment":"scroll","background-type":"","background-media":"","overlay-type":"","overlay-color":"","overlay-gradient":""},"mobile":{"background-color":"var(--ast-global-color-5)","background-image":"","background-repeat":"repeat","background-position":"center center","background-size":"auto","background-attachment":"scroll","background-type":"","background-media":"","overlay-type":"","overlay-color":"","overlay-gradient":""}},"footnotes":""},"yoast_head":"<!-- This site is optimized with the Yoast SEO plugin v21.9.1 - https:\/\/yoast.com\/wordpress\/plugins\/seo\/ -->\n<title>Osv\u011bd\u010den\u00ed o akreditaci - Kalibra\u010dn\u00ed laborato\u0159 V\u00daGTK<\/title>\n<meta name=\"description\" content=\"Str\u00e1nka s odkazy na osv\u011bd\u010den\u00edm o akreditaci ve form\u00e1tu PDF. Akredita\u010dn\u00ed certifik\u00e1t je v \u010desk\u00e9m a anglick\u00e9m jazyce.\" \/>\n<meta name=\"robots\" content=\"index, follow, max-snippet:-1, max-image-preview:large, max-video-preview:-1\" \/>\n<link rel=\"canonical\" href=\"https:\/\/kalibrace.vugtk.cz\/?page_id=24254\" \/>\n<meta property=\"og:locale\" content=\"cs_CZ\" \/>\n<meta property=\"og:type\" content=\"article\" \/>\n<meta property=\"og:title\" content=\"Osv\u011bd\u010den\u00ed o akreditaci - Kalibra\u010dn\u00ed laborato\u0159 V\u00daGTK\" \/>\n<meta property=\"og:description\" content=\"Str\u00e1nka s odkazy na osv\u011bd\u010den\u00edm o akreditaci ve form\u00e1tu PDF. Akredita\u010dn\u00ed certifik\u00e1t je v \u010desk\u00e9m a anglick\u00e9m jazyce.\" \/>\n<meta property=\"og:url\" content=\"https:\/\/kalibrace.vugtk.cz\/?page_id=24254\" \/>\n<meta property=\"og:site_name\" content=\"Kalibra\u010dn\u00ed laborato\u0159 V\u00daGTK\" \/>\n<meta property=\"article:modified_time\" content=\"2024-02-20T11:42:15+00:00\" \/>\n<meta property=\"og:image\" content=\"https:\/\/kalibrace.vugtk.cz\/wp-content\/uploads\/2020\/10\/pattern.png\" \/>\n<meta name=\"twitter:label1\" content=\"Odhadovan\u00e1 doba \u010dten\u00ed\" \/>\n\t<meta name=\"twitter:data1\" content=\"1 minuta\" \/>\n<script type=\"application\/ld+json\" class=\"yoast-schema-graph\">{\"@context\":\"https:\/\/schema.org\",\"@graph\":[{\"@type\":\"WebPage\",\"@id\":\"https:\/\/kalibrace.vugtk.cz\/?page_id=24254\",\"url\":\"https:\/\/kalibrace.vugtk.cz\/?page_id=24254\",\"name\":\"Osv\u011bd\u010den\u00ed o akreditaci - Kalibra\u010dn\u00ed laborato\u0159 V\u00daGTK\",\"isPartOf\":{\"@id\":\"https:\/\/kalibrace.vugtk.cz\/#website\"},\"datePublished\":\"2020-10-08T07:43:07+00:00\",\"dateModified\":\"2024-02-20T11:42:15+00:00\",\"description\":\"Str\u00e1nka s odkazy na osv\u011bd\u010den\u00edm o akreditaci ve form\u00e1tu PDF. Akredita\u010dn\u00ed certifik\u00e1t je v \u010desk\u00e9m a anglick\u00e9m jazyce.\",\"breadcrumb\":{\"@id\":\"https:\/\/kalibrace.vugtk.cz\/?page_id=24254#breadcrumb\"},\"inLanguage\":\"cs\",\"potentialAction\":[{\"@type\":\"ReadAction\",\"target\":[\"https:\/\/kalibrace.vugtk.cz\/?page_id=24254\"]}]},{\"@type\":\"BreadcrumbList\",\"@id\":\"https:\/\/kalibrace.vugtk.cz\/?page_id=24254#breadcrumb\",\"itemListElement\":[{\"@type\":\"ListItem\",\"position\":1,\"name\":\"Dom\u016f\",\"item\":\"https:\/\/kalibrace.vugtk.cz\/\"},{\"@type\":\"ListItem\",\"position\":2,\"name\":\"Osv\u011bd\u010den\u00ed o akreditaci\"}]},{\"@type\":\"WebSite\",\"@id\":\"https:\/\/kalibrace.vugtk.cz\/#website\",\"url\":\"https:\/\/kalibrace.vugtk.cz\/\",\"name\":\"Kalibra\u010dn\u00ed laborato\u0159 V\u00daGTK\",\"description\":\"St\u00e1nka akreditovan\u00e9 kalibra\u010dn\u00ed laborato\u0159e, kter\u00e1 kalibruje p\u0159\u00edstroje a pom\u016fcky pro geod\u00e9zii, stavebnictv\u00ed, stroj\u00edrenstv\u00ed, automobilov\u00fd a leteck\u00fd pr\u016fmysl a spr\u00e1vu infrastruktury.\",\"publisher\":{\"@id\":\"https:\/\/kalibrace.vugtk.cz\/#organization\"},\"alternateName\":\"Calibration laboratory V\u00daGTK\",\"potentialAction\":[{\"@type\":\"SearchAction\",\"target\":{\"@type\":\"EntryPoint\",\"urlTemplate\":\"https:\/\/kalibrace.vugtk.cz\/?s={search_term_string}\"},\"query-input\":\"required name=search_term_string\"}],\"inLanguage\":\"cs\"},{\"@type\":\"Organization\",\"@id\":\"https:\/\/kalibrace.vugtk.cz\/#organization\",\"name\":\"Kalibra\u010dn\u00ed laborato\u0159 V\u00daGTK\",\"alternateName\":\"Calibration laboratory V\u00daGTK\",\"url\":\"https:\/\/kalibrace.vugtk.cz\/\",\"logo\":{\"@type\":\"ImageObject\",\"inLanguage\":\"cs\",\"@id\":\"https:\/\/kalibrace.vugtk.cz\/#\/schema\/logo\/image\/\",\"url\":\"https:\/\/kalibrace.vugtk.cz\/wp-content\/uploads\/2020\/10\/cropped-VUGTK_logo_pruhledne.png\",\"contentUrl\":\"https:\/\/kalibrace.vugtk.cz\/wp-content\/uploads\/2020\/10\/cropped-VUGTK_logo_pruhledne.png\",\"width\":627,\"height\":386,\"caption\":\"Kalibra\u010dn\u00ed laborato\u0159 V\u00daGTK\"},\"image\":{\"@id\":\"https:\/\/kalibrace.vugtk.cz\/#\/schema\/logo\/image\/\"},\"sameAs\":[\"https:\/\/www.linkedin.com\/company\/82176248\/\"]}]}<\/script>\n<!-- \/ Yoast SEO plugin. -->","yoast_head_json":{"title":"Osv\u011bd\u010den\u00ed o akreditaci - Kalibra\u010dn\u00ed laborato\u0159 V\u00daGTK","description":"Str\u00e1nka s odkazy na osv\u011bd\u010den\u00edm o akreditaci ve form\u00e1tu PDF. Akredita\u010dn\u00ed certifik\u00e1t je v \u010desk\u00e9m a anglick\u00e9m jazyce.","robots":{"index":"index","follow":"follow","max-snippet":"max-snippet:-1","max-image-preview":"max-image-preview:large","max-video-preview":"max-video-preview:-1"},"canonical":"https:\/\/kalibrace.vugtk.cz\/?page_id=24254","og_locale":"cs_CZ","og_type":"article","og_title":"Osv\u011bd\u010den\u00ed o akreditaci - Kalibra\u010dn\u00ed laborato\u0159 V\u00daGTK","og_description":"Str\u00e1nka s odkazy na osv\u011bd\u010den\u00edm o akreditaci ve form\u00e1tu PDF. Akredita\u010dn\u00ed certifik\u00e1t je v \u010desk\u00e9m a anglick\u00e9m jazyce.","og_url":"https:\/\/kalibrace.vugtk.cz\/?page_id=24254","og_site_name":"Kalibra\u010dn\u00ed laborato\u0159 V\u00daGTK","article_modified_time":"2024-02-20T11:42:15+00:00","og_image":[{"url":"https:\/\/kalibrace.vugtk.cz\/wp-content\/uploads\/2020\/10\/pattern.png"}],"twitter_misc":{"Odhadovan\u00e1 doba \u010dten\u00ed":"1 minuta"},"schema":{"@context":"https:\/\/schema.org","@graph":[{"@type":"WebPage","@id":"https:\/\/kalibrace.vugtk.cz\/?page_id=24254","url":"https:\/\/kalibrace.vugtk.cz\/?page_id=24254","name":"Osv\u011bd\u010den\u00ed o akreditaci - Kalibra\u010dn\u00ed laborato\u0159 V\u00daGTK","isPartOf":{"@id":"https:\/\/kalibrace.vugtk.cz\/#website"},"datePublished":"2020-10-08T07:43:07+00:00","dateModified":"2024-02-20T11:42:15+00:00","description":"Str\u00e1nka s odkazy na osv\u011bd\u010den\u00edm o akreditaci ve form\u00e1tu PDF. Akredita\u010dn\u00ed certifik\u00e1t je v \u010desk\u00e9m a anglick\u00e9m jazyce.","breadcrumb":{"@id":"https:\/\/kalibrace.vugtk.cz\/?page_id=24254#breadcrumb"},"inLanguage":"cs","potentialAction":[{"@type":"ReadAction","target":["https:\/\/kalibrace.vugtk.cz\/?page_id=24254"]}]},{"@type":"BreadcrumbList","@id":"https:\/\/kalibrace.vugtk.cz\/?page_id=24254#breadcrumb","itemListElement":[{"@type":"ListItem","position":1,"name":"Dom\u016f","item":"https:\/\/kalibrace.vugtk.cz\/"},{"@type":"ListItem","position":2,"name":"Osv\u011bd\u010den\u00ed o akreditaci"}]},{"@type":"WebSite","@id":"https:\/\/kalibrace.vugtk.cz\/#website","url":"https:\/\/kalibrace.vugtk.cz\/","name":"Kalibra\u010dn\u00ed laborato\u0159 V\u00daGTK","description":"St\u00e1nka akreditovan\u00e9 kalibra\u010dn\u00ed laborato\u0159e, kter\u00e1 kalibruje p\u0159\u00edstroje a pom\u016fcky pro geod\u00e9zii, stavebnictv\u00ed, stroj\u00edrenstv\u00ed, automobilov\u00fd a leteck\u00fd pr\u016fmysl a spr\u00e1vu infrastruktury.","publisher":{"@id":"https:\/\/kalibrace.vugtk.cz\/#organization"},"alternateName":"Calibration laboratory V\u00daGTK","potentialAction":[{"@type":"SearchAction","target":{"@type":"EntryPoint","urlTemplate":"https:\/\/kalibrace.vugtk.cz\/?s={search_term_string}"},"query-input":"required name=search_term_string"}],"inLanguage":"cs"},{"@type":"Organization","@id":"https:\/\/kalibrace.vugtk.cz\/#organization","name":"Kalibra\u010dn\u00ed laborato\u0159 V\u00daGTK","alternateName":"Calibration laboratory V\u00daGTK","url":"https:\/\/kalibrace.vugtk.cz\/","logo":{"@type":"ImageObject","inLanguage":"cs","@id":"https:\/\/kalibrace.vugtk.cz\/#\/schema\/logo\/image\/","url":"https:\/\/kalibrace.vugtk.cz\/wp-content\/uploads\/2020\/10\/cropped-VUGTK_logo_pruhledne.png","contentUrl":"https:\/\/kalibrace.vugtk.cz\/wp-content\/uploads\/2020\/10\/cropped-VUGTK_logo_pruhledne.png","width":627,"height":386,"caption":"Kalibra\u010dn\u00ed laborato\u0159 V\u00daGTK"},"image":{"@id":"https:\/\/kalibrace.vugtk.cz\/#\/schema\/logo\/image\/"},"sameAs":["https:\/\/www.linkedin.com\/company\/82176248\/"]}]}},"_links":{"self":[{"href":"https:\/\/kalibrace.vugtk.cz\/index.php?rest_route=\/wp\/v2\/pages\/24254"}],"collection":[{"href":"https:\/\/kalibrace.vugtk.cz\/index.php?rest_route=\/wp\/v2\/pages"}],"about":[{"href":"https:\/\/kalibrace.vugtk.cz\/index.php?rest_route=\/wp\/v2\/types\/page"}],"author":[{"embeddable":true,"href":"https:\/\/kalibrace.vugtk.cz\/index.php?rest_route=\/wp\/v2\/users\/2"}],"replies":[{"embeddable":true,"href":"https:\/\/kalibrace.vugtk.cz\/index.php?rest_route=%2Fwp%2Fv2%2Fcomments&post=24254"}],"version-history":[{"count":58,"href":"https:\/\/kalibrace.vugtk.cz\/index.php?rest_route=\/wp\/v2\/pages\/24254\/revisions"}],"predecessor-version":[{"id":25446,"href":"https:\/\/kalibrace.vugtk.cz\/index.php?rest_route=\/wp\/v2\/pages\/24254\/revisions\/25446"}],"wp:attachment":[{"href":"https:\/\/kalibrace.vugtk.cz\/index.php?rest_route=%2Fwp%2Fv2%2Fmedia&parent=24254"}],"curies":[{"name":"wp","href":"https:\/\/api.w.org\/{rel}","templated":true}]}}